{"id":594,"date":"2019-07-29T04:38:30","date_gmt":"2019-07-29T04:38:30","guid":{"rendered":"http:\/\/idagida.com.tr\/?page_id=594"},"modified":"2022-10-03T18:46:41","modified_gmt":"2022-10-03T18:46:41","slug":"iletisim","status":"publish","type":"page","link":"https:\/\/idagida.com.tr\/index.php\/iletisim\/","title":{"rendered":"\u0130leti\u015fim"},"content":{"rendered":"\t\t<div data-elementor-type=\"wp-post\" data-elementor-id=\"594\" class=\"elementor elementor-594\">\n\t\t\t\t\t\t<section class=\"elementor-section elementor-top-section elementor-element elementor-element-f8ef310 elementor-section-stretched elementor-section-boxed elementor-section-height-default elementor-section-height-default\" data-id=\"f8ef310\" data-element_type=\"section\" data-e-type=\"section\" data-settings=\"{&quot;stretch_section&quot;:&quot;section-stretched&quot;}\">\n\t\t\t\t\t\t<div class=\"elementor-container elementor-column-gap-default\">\n\t\t\t\t\t<div class=\"elementor-column elementor-col-100 elementor-top-column elementor-element elementor-element-31d34a1\" data-id=\"31d34a1\" data-element_type=\"column\" data-e-type=\"column\">\n\t\t\t<div class=\"elementor-widget-wrap elementor-element-populated\">\n\t\t\t\t\t\t<div class=\"elementor-element elementor-element-8fd8e28 elementor-widget elementor-widget-text-editor\" data-id=\"8fd8e28\" data-element_type=\"widget\" data-e-type=\"widget\" data-widget_type=\"text-editor.default\">\n\t\t\t\t<div class=\"elementor-widget-container\">\n\t\t\t\t\t\t\t\t\t<h6>\u00a0<\/h6><p style=\"text-align: center;\"><span style=\"color: #000000;\"><a href=\"mailto:info@idagida.com.tr\">info@idagida.com.tr<\/a> (Ula\u015f Sidar, Export) <\/span><br \/><span style=\"color: #000000;\"><a href=\"mailto:ismail@idagida.com.tr\">ismail@idagida.com.tr <\/a>(Hatchery Manager)<\/span><br \/><span style=\"color: #000000;\"><a href=\"mailto:bulent@idagida.com.tr\">bulent@idagida.com.tr <\/a>(Production Manager)<\/span><\/p><h6>\u00a0<\/h6>\t\t\t\t\t\t\t\t<\/div>\n\t\t\t\t<\/div>\n\t\t\t\t\t<\/div>\n\t\t<\/div>\n\t\t\t\t\t<\/div>\n\t\t<\/section>\n\t\t\t\t<section class=\"elementor-section elementor-top-section elementor-element elementor-element-c23aec6 elementor-section-boxed elementor-section-height-default elementor-section-height-default\" data-id=\"c23aec6\" data-element_type=\"section\" data-e-type=\"section\">\n\t\t\t\t\t\t<div class=\"elementor-container elementor-column-gap-default\">\n\t\t\t\t\t<div class=\"elementor-column elementor-col-100 elementor-top-column elementor-element elementor-element-b879879\" data-id=\"b879879\" data-element_type=\"column\" data-e-type=\"column\">\n\t\t\t<div class=\"elementor-widget-wrap elementor-element-populated\">\n\t\t\t\t\t\t<div class=\"elementor-element elementor-element-af422ba elementor-widget elementor-widget-wp-widget-ocean_contact_info\" data-id=\"af422ba\" data-element_type=\"widget\" data-e-type=\"widget\" data-widget_type=\"wp-widget-ocean_contact_info.default\">\n\t\t\t\t<div class=\"elementor-widget-container\">\n\t\t\t\t\t<ul class=\"contact-info-widget big-icons\"><li class=\"address\"><i class=\"icon-location-pin\" aria-hidden=\"true\"><\/i><div class=\"oceanwp-info-wrap\"><span class=\"oceanwp-contact-title\">Adres:<\/span><span class=\"oceanwp-contact-text\"> \u0130da G\u0131da A\u015e 17800 Kemiklialan K\u00f6y\u00fc\/Lapseki\/\u00c7anakkale, T\u00fcrkiye \/ Turkey<\/span><\/div><\/li><li class=\"phone\"><i class=\"icon-phone\" aria-hidden=\"true\"><\/i><div class=\"oceanwp-info-wrap\"><span class=\"oceanwp-contact-title\">Telefon:<\/span><span class=\"oceanwp-contact-text\"> +90 286 522 6416<\/span><\/div><\/li><li class=\"mobile\"><i class=\"icon-screen-smartphone\" aria-hidden=\"true\"><\/i><div class=\"oceanwp-info-wrap\"><span class=\"oceanwp-contact-title\">Export ULA\u015e S\u0130DAR<\/span><span class=\"oceanwp-contact-text\">+90 533 563 13 17 <\/span><\/div><\/li><li class=\"fax\"><i class=\"icon-printer\" aria-hidden=\"true\"><\/i><div class=\"oceanwp-info-wrap\"><span class=\"oceanwp-contact-title\">Faks:<\/span><span class=\"oceanwp-contact-text\"> +90 286 522 6419<\/span><\/div><\/li><li class=\"email\"><i class=\"icon-envelope\" aria-hidden=\"true\"><\/i><div class=\"oceanwp-info-wrap\"><span class=\"oceanwp-contact-title\">E-Posta:<\/span><span class=\"oceanwp-contact-text\"><a href=\"mailto:in&#102;&#111;&#064;idag&#105;da&#046;&#099;om&#046;t&#114;\">info@idagida.com.tr<\/a><span class=\"screen-reader-text\">Opens in your application<\/span><\/span><\/div><\/li><\/ul>\t\t\t\t<\/div>\n\t\t\t\t<\/div>\n\t\t\t\t\t<\/div>\n\t\t<\/div>\n\t\t\t\t\t<\/div>\n\t\t<\/section>\n\t\t\t\t<section class=\"elementor-section elementor-top-section elementor-element elementor-element-5e63907 elementor-section-boxed elementor-section-height-default elementor-section-height-default\" data-id=\"5e63907\" data-element_type=\"section\" data-e-type=\"section\">\n\t\t\t\t\t\t<div class=\"elementor-container elementor-column-gap-default\">\n\t\t\t\t\t<div class=\"elementor-column elementor-col-100 elementor-top-column elementor-element elementor-element-d5a984f\" data-id=\"d5a984f\" data-element_type=\"column\" data-e-type=\"column\">\n\t\t\t<div class=\"elementor-widget-wrap elementor-element-populated\">\n\t\t\t\t\t\t<div class=\"elementor-element elementor-element-41e5f99 elementor-widget elementor-widget-google_maps\" data-id=\"41e5f99\" data-element_type=\"widget\" data-e-type=\"widget\" data-widget_type=\"google_maps.default\">\n\t\t\t\t<div class=\"elementor-widget-container\">\n\t\t\t\t\t\t\t<div class=\"elementor-custom-embed\">\n\t\t\t<iframe loading=\"lazy\"\n\t\t\t\t\tsrc=\"https:\/\/maps.google.com\/maps?q=%C4%B0da%20G%C4%B1da&#038;t=m&#038;z=12&#038;output=embed&#038;iwloc=near\"\n\t\t\t\t\ttitle=\"\u0130da G\u0131da\"\n\t\t\t\t\taria-label=\"\u0130da G\u0131da\"\n\t\t\t><\/iframe>\n\t\t<\/div>\n\t\t\t\t\t\t<\/div>\n\t\t\t\t<\/div>\n\t\t\t\t\t<\/div>\n\t\t<\/div>\n\t\t\t\t\t<\/div>\n\t\t<\/section>\n\t\t\t\t<\/div>\n\t\t","protected":false},"excerpt":{"rendered":"<p>\u00a0 info@idagida.com.tr (Ula\u015f Sidar, Export) ismail@idagida.com.tr (Hatchery Manager)bulent@idagida.com.tr (Production Manager) \u00a0<\/p>\n","protected":false},"author":1,"featured_media":0,"parent":0,"menu_order":0,"comment_status":"closed","ping_status":"closed","template":"","meta":{"ocean_post_layout":"","ocean_both_sidebars_style":"","ocean_both_sidebars_content_width":0,"ocean_both_sidebars_sidebars_width":0,"ocean_sidebar":"0","ocean_second_sidebar":"0","ocean_disable_margins":"enable","ocean_add_body_class":"","ocean_shortcode_before_top_bar":"","ocean_shortcode_after_top_bar":"","ocean_shortcode_before_header":"","ocean_shortcode_after_header":"","ocean_has_shortcode":"","ocean_shortcode_after_title":"","ocean_shortcode_before_footer_widgets":"","ocean_shortcode_after_footer_widgets":"","ocean_shortcode_before_footer_bottom":"","ocean_shortcode_after_footer_bottom":"","ocean_display_top_bar":"default","ocean_display_header":"default","ocean_header_style":"","ocean_center_header_left_menu":"0","ocean_custom_header_template":"0","ocean_custom_logo":0,"ocean_custom_retina_logo":0,"ocean_custom_logo_max_width":0,"ocean_custom_logo_tablet_max_width":0,"ocean_custom_logo_mobile_max_width":0,"ocean_custom_logo_max_height":0,"ocean_custom_logo_tablet_max_height":0,"ocean_custom_logo_mobile_max_height":0,"ocean_header_custom_menu":"0","ocean_menu_typo_font_family":"0","ocean_menu_typo_font_subset":"","ocean_menu_typo_font_size":0,"ocean_menu_typo_font_size_tablet":0,"ocean_menu_typo_font_size_mobile":0,"ocean_menu_typo_font_size_unit":"px","ocean_menu_typo_font_weight":"","ocean_menu_typo_font_weight_tablet":"","ocean_menu_typo_font_weight_mobile":"","ocean_menu_typo_transform":"","ocean_menu_typo_transform_tablet":"","ocean_menu_typo_transform_mobile":"","ocean_menu_typo_line_height":0,"ocean_menu_typo_line_height_tablet":0,"ocean_menu_typo_line_height_mobile":0,"ocean_menu_typo_line_height_unit":"","ocean_menu_typo_spacing":0,"ocean_menu_typo_spacing_tablet":0,"ocean_menu_typo_spacing_mobile":0,"ocean_menu_typo_spacing_unit":"","ocean_menu_link_color":"","ocean_menu_link_color_hover":"","ocean_menu_link_color_active":"","ocean_menu_link_background":"","ocean_menu_link_hover_background":"","ocean_menu_link_active_background":"","ocean_menu_social_links_bg":"","ocean_menu_social_hover_links_bg":"","ocean_menu_social_links_color":"","ocean_menu_social_hover_links_color":"","ocean_disable_title":"default","ocean_disable_heading":"default","ocean_post_title":"","ocean_post_subheading":"","ocean_post_title_style":"","ocean_post_title_background_color":"","ocean_post_title_background":0,"ocean_post_title_bg_image_position":"","ocean_post_title_bg_image_attachment":"","ocean_post_title_bg_image_repeat":"","ocean_post_title_bg_image_size":"","ocean_post_title_height":0,"ocean_post_title_bg_overlay":0.5,"ocean_post_title_bg_overlay_color":"","ocean_disable_breadcrumbs":"default","ocean_breadcrumbs_color":"","ocean_breadcrumbs_separator_color":"","ocean_breadcrumbs_links_color":"","ocean_breadcrumbs_links_hover_color":"","ocean_display_footer_widgets":"default","ocean_display_footer_bottom":"default","ocean_custom_footer_template":"0","footnotes":""},"class_list":["post-594","page","type-page","status-publish","hentry","entry"],"aioseo_notices":[],"_links":{"self":[{"href":"https:\/\/idagida.com.tr\/index.php\/wp-json\/wp\/v2\/pages\/594","targetHints":{"allow":["GET"]}}],"collection":[{"href":"https:\/\/idagida.com.tr\/index.php\/wp-json\/wp\/v2\/pages"}],"about":[{"href":"https:\/\/idagida.com.tr\/index.php\/wp-json\/wp\/v2\/types\/page"}],"author":[{"embeddable":true,"href":"https:\/\/idagida.com.tr\/index.php\/wp-json\/wp\/v2\/users\/1"}],"replies":[{"embeddable":true,"href":"https:\/\/idagida.com.tr\/index.php\/wp-json\/wp\/v2\/comments?post=594"}],"version-history":[{"count":24,"href":"https:\/\/idagida.com.tr\/index.php\/wp-json\/wp\/v2\/pages\/594\/revisions"}],"predecessor-version":[{"id":905,"href":"https:\/\/idagida.com.tr\/index.php\/wp-json\/wp\/v2\/pages\/594\/revisions\/905"}],"wp:attachment":[{"href":"https:\/\/idagida.com.tr\/index.php\/wp-json\/wp\/v2\/media?parent=594"}],"curies":[{"name":"wp","href":"https:\/\/api.w.org\/{rel}","templated":true}]}}