{"id":313,"date":"2019-07-28T14:24:42","date_gmt":"2019-07-28T14:24:42","guid":{"rendered":"http:\/\/idagida.com.tr\/?page_id=313"},"modified":"2023-03-03T22:48:52","modified_gmt":"2023-03-03T22:48:52","slug":"sirket","status":"publish","type":"page","link":"https:\/\/idagida.com.tr\/index.php\/sirket\/","title":{"rendered":"\u015eirketimiz"},"content":{"rendered":"\t\t<div data-elementor-type=\"wp-post\" data-elementor-id=\"313\" class=\"elementor elementor-313\">\n\t\t\t\t\t\t<section class=\"elementor-section elementor-top-section elementor-element elementor-element-b323d0e elementor-section-boxed elementor-section-height-default elementor-section-height-default\" data-id=\"b323d0e\" data-element_type=\"section\" data-e-type=\"section\" data-settings=\"{&quot;background_background&quot;:&quot;classic&quot;}\">\n\t\t\t\t\t\t<div class=\"elementor-container elementor-column-gap-default\">\n\t\t\t\t\t<div class=\"elementor-column elementor-col-100 elementor-top-column elementor-element elementor-element-b9d03dd\" data-id=\"b9d03dd\" data-element_type=\"column\" data-e-type=\"column\">\n\t\t\t<div class=\"elementor-widget-wrap elementor-element-populated\">\n\t\t\t\t\t\t<div class=\"elementor-element elementor-element-0967060 elementor-widget elementor-widget-text-editor\" data-id=\"0967060\" data-element_type=\"widget\" data-e-type=\"widget\" data-widget_type=\"text-editor.default\">\n\t\t\t\t<div class=\"elementor-widget-container\">\n\t\t\t\t\t\t\t\t\t<p><span style=\"font-family: Arial, Helvetica, sans-serif;\">\u0130DA GIDA A.\u015e., 1997 y\u0131l\u0131nda \u00c7anakkale\u2019nin Lapseki il\u00e7esi Kemiklialan k\u00f6y\u00fc yak\u0131nlar\u0131nda kurulan kulu\u00e7kahanesinde \u00c7ipura, Levrek, Grany\u00f6z ve Kalkan \u00fcretmektedir. 30.000 m2 \u00fcst\u00fcne kurulan ve s\u00fcrekli yenilenen ve g\u00fcn\u00fcm\u00fcz\u00fcn \u00e7evresel ko\u015fullar\u0131na uyarlanan 7.000 m2\u2019lik kapal\u0131 tesisinde lisansl\u0131 olarak senede 39.000.000 yavru \u00fcretim kapasitesine sahiptir.<\/span><br \/><span style=\"font-family: Arial, Helvetica, sans-serif;\">\u0130DA GIDA A.\u015e., ayr\u0131ca, toprak havuzlar\u0131nda \u00c7ipura, Levrek, Grany\u00f6z ve Kalkan yeti\u015ftirmektedir.<\/span><\/p>\t\t\t\t\t\t\t\t<\/div>\n\t\t\t\t<\/div>\n\t\t\t\t\t<\/div>\n\t\t<\/div>\n\t\t\t\t\t<\/div>\n\t\t<\/section>\n\t\t\t\t<\/div>\n\t\t","protected":false},"excerpt":{"rendered":"<p>\u0130DA GIDA A.\u015e., 1997 y\u0131l\u0131nda \u00c7anakkale\u2019nin Lapseki il\u00e7esi Kemiklialan k\u00f6y\u00fc yak\u0131nlar\u0131nda kurulan kulu\u00e7kahanesinde \u00c7ipura, Levrek, Grany\u00f6z ve Kalkan \u00fcretmektedir. 30.000 m2 \u00fcst\u00fcne kurulan ve s\u00fcrekli yenilenen ve g\u00fcn\u00fcm\u00fcz\u00fcn \u00e7evresel ko\u015fullar\u0131na uyarlanan 7.000 m2\u2019lik kapal\u0131 tesisinde lisansl\u0131 olarak senede 39.000.000 yavru \u00fcretim kapasitesine sahiptir.\u0130DA GIDA A.\u015e., ayr\u0131ca, toprak havuzlar\u0131nda \u00c7ipura, Levrek, Grany\u00f6z ve Kalkan yeti\u015ftirmektedir.<\/p>\n","protected":false},"author":1,"featured_media":0,"parent":0,"menu_order":0,"comment_status":"closed","ping_status":"closed","template":"","meta":{"ocean_post_layout":"","ocean_both_sidebars_style":"","ocean_both_sidebars_content_width":0,"ocean_both_sidebars_sidebars_width":0,"ocean_sidebar":"0","ocean_second_sidebar":"0","ocean_disable_margins":"enable","ocean_add_body_class":"","ocean_shortcode_before_top_bar":"","ocean_shortcode_after_top_bar":"","ocean_shortcode_before_header":"","ocean_shortcode_after_header":"","ocean_has_shortcode":"","ocean_shortcode_after_title":"","ocean_shortcode_before_footer_widgets":"","ocean_shortcode_after_footer_widgets":"","ocean_shortcode_before_footer_bottom":"","ocean_shortcode_after_footer_bottom":"","ocean_display_top_bar":"default","ocean_display_header":"default","ocean_header_style":"","ocean_center_header_left_menu":"0","ocean_custom_header_template":"0","ocean_custom_logo":0,"ocean_custom_retina_logo":0,"ocean_custom_logo_max_width":0,"ocean_custom_logo_tablet_max_width":0,"ocean_custom_logo_mobile_max_width":0,"ocean_custom_logo_max_height":0,"ocean_custom_logo_tablet_max_height":0,"ocean_custom_logo_mobile_max_height":0,"ocean_header_custom_menu":"0","ocean_menu_typo_font_family":"0","ocean_menu_typo_font_subset":"","ocean_menu_typo_font_size":0,"ocean_menu_typo_font_size_tablet":0,"ocean_menu_typo_font_size_mobile":0,"ocean_menu_typo_font_size_unit":"px","ocean_menu_typo_font_weight":"","ocean_menu_typo_font_weight_tablet":"","ocean_menu_typo_font_weight_mobile":"","ocean_menu_typo_transform":"","ocean_menu_typo_transform_tablet":"","ocean_menu_typo_transform_mobile":"","ocean_menu_typo_line_height":0,"ocean_menu_typo_line_height_tablet":0,"ocean_menu_typo_line_height_mobile":0,"ocean_menu_typo_line_height_unit":"","ocean_menu_typo_spacing":0,"ocean_menu_typo_spacing_tablet":0,"ocean_menu_typo_spacing_mobile":0,"ocean_menu_typo_spacing_unit":"","ocean_menu_link_color":"","ocean_menu_link_color_hover":"","ocean_menu_link_color_active":"","ocean_menu_link_background":"","ocean_menu_link_hover_background":"","ocean_menu_link_active_background":"","ocean_menu_social_links_bg":"","ocean_menu_social_hover_links_bg":"","ocean_menu_social_links_color":"","ocean_menu_social_hover_links_color":"","ocean_disable_title":"default","ocean_disable_heading":"default","ocean_post_title":"","ocean_post_subheading":"","ocean_post_title_style":"","ocean_post_title_background_color":"","ocean_post_title_background":0,"ocean_post_title_bg_image_position":"","ocean_post_title_bg_image_attachment":"","ocean_post_title_bg_image_repeat":"","ocean_post_title_bg_image_size":"","ocean_post_title_height":0,"ocean_post_title_bg_overlay":0.5,"ocean_post_title_bg_overlay_color":"","ocean_disable_breadcrumbs":"default","ocean_breadcrumbs_color":"","ocean_breadcrumbs_separator_color":"","ocean_breadcrumbs_links_color":"","ocean_breadcrumbs_links_hover_color":"","ocean_display_footer_widgets":"default","ocean_display_footer_bottom":"default","ocean_custom_footer_template":"0","footnotes":""},"class_list":["post-313","page","type-page","status-publish","hentry","entry"],"aioseo_notices":[],"_links":{"self":[{"href":"https:\/\/idagida.com.tr\/index.php\/wp-json\/wp\/v2\/pages\/313","targetHints":{"allow":["GET"]}}],"collection":[{"href":"https:\/\/idagida.com.tr\/index.php\/wp-json\/wp\/v2\/pages"}],"about":[{"href":"https:\/\/idagida.com.tr\/index.php\/wp-json\/wp\/v2\/types\/page"}],"author":[{"embeddable":true,"href":"https:\/\/idagida.com.tr\/index.php\/wp-json\/wp\/v2\/users\/1"}],"replies":[{"embeddable":true,"href":"https:\/\/idagida.com.tr\/index.php\/wp-json\/wp\/v2\/comments?post=313"}],"version-history":[{"count":19,"href":"https:\/\/idagida.com.tr\/index.php\/wp-json\/wp\/v2\/pages\/313\/revisions"}],"predecessor-version":[{"id":935,"href":"https:\/\/idagida.com.tr\/index.php\/wp-json\/wp\/v2\/pages\/313\/revisions\/935"}],"wp:attachment":[{"href":"https:\/\/idagida.com.tr\/index.php\/wp-json\/wp\/v2\/media?parent=313"}],"curies":[{"name":"wp","href":"https:\/\/api.w.org\/{rel}","templated":true}]}}